{"id":304,"date":"2022-10-04T05:09:24","date_gmt":"2022-10-04T05:09:24","guid":{"rendered":"https:\/\/gomoroccoforhealth.com\/fr\/?page_id=304"},"modified":"2022-10-11T07:56:57","modified_gmt":"2022-10-11T07:56:57","slug":"apercu-du-systeme-de-sante","status":"publish","type":"page","link":"https:\/\/gomoroccoforhealth.com\/fr\/apercu-du-systeme-de-sante\/","title":{"rendered":"Aper\u00e7u du Syst\u00e8me de Sant\u00e9"},"content":{"rendered":"","protected":false},"excerpt":{"rendered":"","protected":false},"author":1,"featured_media":0,"parent":0,"menu_order":0,"comment_status":"closed","ping_status":"closed","template":"","meta":{"om_disable_all_campaigns":false,"_mi_skip_tracking":false,"footnotes":""},"class_list":["post-304","page","type-page","status-publish","hentry"],"aioseo_notices":[],"_links":{"self":[{"href":"https:\/\/gomoroccoforhealth.com\/fr\/wp-json\/wp\/v2\/pages\/304","targetHints":{"allow":["GET"]}}],"collection":[{"href":"https:\/\/gomoroccoforhealth.com\/fr\/wp-json\/wp\/v2\/pages"}],"about":[{"href":"https:\/\/gomoroccoforhealth.com\/fr\/wp-json\/wp\/v2\/types\/page"}],"author":[{"embeddable":true,"href":"https:\/\/gomoroccoforhealth.com\/fr\/wp-json\/wp\/v2\/users\/1"}],"replies":[{"embeddable":true,"href":"https:\/\/gomoroccoforhealth.com\/fr\/wp-json\/wp\/v2\/comments?post=304"}],"version-history":[{"count":2,"href":"https:\/\/gomoroccoforhealth.com\/fr\/wp-json\/wp\/v2\/pages\/304\/revisions"}],"predecessor-version":[{"id":466,"href":"https:\/\/gomoroccoforhealth.com\/fr\/wp-json\/wp\/v2\/pages\/304\/revisions\/466"}],"wp:attachment":[{"href":"https:\/\/gomoroccoforhealth.com\/fr\/wp-json\/wp\/v2\/media?parent=304"}],"curies":[{"name":"wp","href":"https:\/\/api.w.org\/{rel}","templated":true}]}}